{"id":22,"date":"2024-03-27T22:57:28","date_gmt":"2024-03-27T21:57:28","guid":{"rendered":"https:\/\/zak-mikolow.pl\/?page_id=22"},"modified":"2024-10-23T15:54:51","modified_gmt":"2024-10-23T13:54:51","slug":"home","status":"publish","type":"page","link":"https:\/\/zak-mikolow.pl\/","title":{"rendered":"Strona g\u0142\u00f3wna"},"content":{"rendered":"\t\t<div data-elementor-type=\"wp-page\" data-elementor-id=\"22\" class=\"elementor elementor-22\" data-elementor-post-type=\"page\">\n\t\t\t\t<div class=\"elementor-element elementor-element-24efb7e e-flex e-con-boxed e-con e-parent\" data-id=\"24efb7e\" data-element_type=\"container\" data-settings=\"{&quot;background_background&quot;:&quot;slideshow&quot;,&quot;background_slideshow_gallery&quot;:[{&quot;id&quot;:25,&quot;url&quot;:&quot;http:\\\/\\\/zak-mikolow.pl\\\/wp-content\\\/uploads\\\/2024\\\/03\\\/heavy-excavator-digging-day-light-1-scaled.jpg&quot;},{&quot;id&quot;:28,&quot;url&quot;:&quot;http:\\\/\\\/zak-mikolow.pl\\\/wp-content\\\/uploads\\\/2024\\\/03\\\/1.jpg&quot;},{&quot;id&quot;:29,&quot;url&quot;:&quot;http:\\\/\\\/zak-mikolow.pl\\\/wp-content\\\/uploads\\\/2024\\\/03\\\/big-special-tractor-is-removing-snow-from-forestal-road-scaled.jpg&quot;},{&quot;id&quot;:59,&quot;url&quot;:&quot;http:\\\/\\\/zak-mikolow.pl\\\/wp-content\\\/uploads\\\/2024\\\/04\\\/2151317332.jpg&quot;}],&quot;background_slideshow_transition_duration&quot;:1000,&quot;background_slideshow_ken_burns&quot;:&quot;yes&quot;,&quot;background_slideshow_loop&quot;:&quot;yes&quot;,&quot;background_slideshow_slide_duration&quot;:5000,&quot;background_slideshow_slide_transition&quot;:&quot;fade&quot;,&quot;background_slideshow_ken_burns_zoom_direction&quot;:&quot;in&quot;,&quot;background_motion_fx_devices&quot;:[&quot;desktop&quot;,&quot;tablet&quot;,&quot;mobile&quot;]}\" data-core-v316-plus=\"true\">\n\t\t\t\t\t<div class=\"e-con-inner\">\n\t\t<div class=\"elementor-element elementor-element-3f40ac2 e-con-full e-flex e-con e-child\" data-id=\"3f40ac2\" data-element_type=\"container\">\n\t\t\t\t<div class=\"elementor-element elementor-element-516b906 elementor-widget__width-initial elementor-widget elementor-widget-image\" data-id=\"516b906\" data-element_type=\"widget\" data-widget_type=\"image.default\">\n\t\t\t\t<div class=\"elementor-widget-container\">\n\t\t\t<style>\/*! elementor - v3.20.0 - 26-03-2024 *\/\n.elementor-widget-image{text-align:center}.elementor-widget-image a{display:inline-block}.elementor-widget-image a img[src$=\".svg\"]{width:48px}.elementor-widget-image img{vertical-align:middle;display:inline-block}<\/style>\t\t\t\t\t\t\t\t\t\t<img fetchpriority=\"high\" decoding=\"async\" width=\"529\" height=\"428\" src=\"https:\/\/zak-mikolow.pl\/wp-content\/uploads\/2024\/03\/Obszar-roboczy-1-1-e1711609188359.png\" class=\"attachment-full size-full wp-image-27\" alt=\"\" srcset=\"https:\/\/zak-mikolow.pl\/wp-content\/uploads\/2024\/03\/Obszar-roboczy-1-1-e1711609188359.png 529w, https:\/\/zak-mikolow.pl\/wp-content\/uploads\/2024\/03\/Obszar-roboczy-1-1-e1711609188359-300x243.png 300w\" sizes=\"(max-width: 529px) 100vw, 529px\" \/>\t\t\t\t\t\t\t\t\t\t\t\t\t<\/div>\n\t\t\t\t<\/div>\n\t\t\t\t<\/div>\n\t\t<div class=\"elementor-element elementor-element-940af87 e-con-full e-flex e-con e-child\" data-id=\"940af87\" data-element_type=\"container\">\n\t\t\t\t<div class=\"elementor-element elementor-element-88469bd elementor-widget elementor-widget-heading\" data-id=\"88469bd\" data-element_type=\"widget\" data-widget_type=\"heading.default\">\n\t\t\t\t<div class=\"elementor-widget-container\">\n\t\t\t<style>\/*! elementor - v3.20.0 - 26-03-2024 *\/\n.elementor-heading-title{padding:0;margin:0;line-height:1}.elementor-widget-heading .elementor-heading-title[class*=elementor-size-]>a{color:inherit;font-size:inherit;line-height:inherit}.elementor-widget-heading .elementor-heading-title.elementor-size-small{font-size:15px}.elementor-widget-heading .elementor-heading-title.elementor-size-medium{font-size:19px}.elementor-widget-heading .elementor-heading-title.elementor-size-large{font-size:29px}.elementor-widget-heading .elementor-heading-title.elementor-size-xl{font-size:39px}.elementor-widget-heading .elementor-heading-title.elementor-size-xxl{font-size:59px}<\/style><h2 class=\"elementor-heading-title elementor-size-default\">ZAK<\/h2>\t\t<\/div>\n\t\t\t\t<\/div>\n\t\t\t\t<\/div>\n\t\t<div class=\"elementor-element elementor-element-f0bab31 e-con-full e-flex e-con e-child\" data-id=\"f0bab31\" data-element_type=\"container\">\n\t\t\t\t<div class=\"elementor-element elementor-element-94462fa elementor-widget elementor-widget-text-editor\" data-id=\"94462fa\" data-element_type=\"widget\" data-widget_type=\"text-editor.default\">\n\t\t\t\t<div class=\"elementor-widget-container\">\n\t\t\t<style>\/*! elementor - v3.20.0 - 26-03-2024 *\/\n.elementor-widget-text-editor.elementor-drop-cap-view-stacked .elementor-drop-cap{background-color:#69727d;color:#fff}.elementor-widget-text-editor.elementor-drop-cap-view-framed .elementor-drop-cap{color:#69727d;border:3px solid;background-color:transparent}.elementor-widget-text-editor:not(.elementor-drop-cap-view-default) .elementor-drop-cap{margin-top:8px}.elementor-widget-text-editor:not(.elementor-drop-cap-view-default) .elementor-drop-cap-letter{width:1em;height:1em}.elementor-widget-text-editor .elementor-drop-cap{float:left;text-align:center;line-height:1;font-size:50px}.elementor-widget-text-editor .elementor-drop-cap-letter{display:inline-block}<\/style>\t\t\t\t<p>ZAK to nowoczesny sprz\u0119t i kompleksowe us\u0142ugi. Zajmujemy si\u0119 przewozem wszelkiego rodzaju \u0142adunk\u00f3w sypkich, wymagaj\u0105cych u\u017cycia d\u0142u\u017cyc oraz \u0142adunk\u00f3w wymagaj\u0105cych przykrycia plandekami. Ponadto \u015bwiadczymy us\u0142ugi nowoczesnymi koparko\u0142adowarkami marki JCB. Wa\u017cn\u0105 dla nas ga\u0142\u0119zi\u0105 firmy jest us\u0142uga od\u015bnie\u017cania. Posiadamy w\u0142asne solarki wyposa\u017cone w wysokiej jako\u015bci i wydajno\u015bci p\u0142ugi. Ofert\u0119 od\u015bnie\u017cania dr\u00f3g i plac\u00f3w poszerzamy o od\u015bnie\u017canie chodnik\u00f3w, i teren\u00f3w przemys\u0142owych.<br \/><br \/><\/p>\t\t\t\t\t\t<\/div>\n\t\t\t\t<\/div>\n\t\t\t\t<\/div>\n\t\t\t\t\t<\/div>\n\t\t\t\t<\/div>\n\t\t<div class=\"elementor-element elementor-element-bd4d961 elementor-hidden-mobile e-flex e-con-boxed e-con e-parent\" data-id=\"bd4d961\" data-element_type=\"container\" data-settings=\"{&quot;background_background&quot;:&quot;classic&quot;}\" data-core-v316-plus=\"true\">\n\t\t\t\t\t<div class=\"e-con-inner\">\n\t\t<a class=\"elementor-element elementor-element-e49373b e-con-full e-flex e-con e-child\" data-id=\"e49373b\" data-element_type=\"container\" data-settings=\"{&quot;background_background&quot;:&quot;classic&quot;}\" href=\"https:\/\/zak-mikolow.pl\/?page_id=444\">\n\t\t\t\t<\/a>\n\t\t<a class=\"elementor-element elementor-element-a82a7e2 e-con-full e-flex e-con e-child\" data-id=\"a82a7e2\" data-element_type=\"container\" data-settings=\"{&quot;background_background&quot;:&quot;classic&quot;}\" href=\"https:\/\/zak-mikolow.pl\/?page_id=456\">\n\t\t\t\t<\/a>\n\t\t<a class=\"elementor-element elementor-element-e4eaadd e-con-full e-flex e-con e-child\" data-id=\"e4eaadd\" data-element_type=\"container\" data-settings=\"{&quot;background_background&quot;:&quot;classic&quot;}\" href=\"https:\/\/zak-mikolow.pl\/?page_id=462\">\n\t\t\t\t<\/a>\n\t\t<a class=\"elementor-element elementor-element-3cd6f25 e-con-full e-flex e-con e-child\" data-id=\"3cd6f25\" data-element_type=\"container\" data-settings=\"{&quot;background_background&quot;:&quot;classic&quot;}\" href=\"https:\/\/zak-mikolow.pl\/?page_id=545\">\n\t\t\t\t<\/a>\n\t\t<a class=\"elementor-element elementor-element-9e9b4c4 e-con-full e-flex e-con e-child\" data-id=\"9e9b4c4\" data-element_type=\"container\" data-settings=\"{&quot;background_background&quot;:&quot;classic&quot;}\" href=\"https:\/\/zak-mikolow.pl\/?page_id=477\">\n\t\t\t\t<\/a>\n\t\t<div class=\"elementor-element elementor-element-2ed0934 e-con-full e-flex e-con e-child\" data-id=\"2ed0934\" data-element_type=\"container\" data-settings=\"{&quot;background_background&quot;:&quot;classic&quot;}\">\n\t\t\t\t<div class=\"elementor-element elementor-element-4a3cd3f elementor-widget elementor-widget-text-editor\" data-id=\"4a3cd3f\" data-element_type=\"widget\" data-widget_type=\"text-editor.default\">\n\t\t\t\t<div class=\"elementor-widget-container\">\n\t\t\t\t\t\t\t<p>Us\u0142ugi koparko \u0142adowark\u0105<\/p>\t\t\t\t\t\t<\/div>\n\t\t\t\t<\/div>\n\t\t\t\t<\/div>\n\t\t<div class=\"elementor-element elementor-element-ae32196 e-con-full e-flex e-con e-child\" data-id=\"ae32196\" data-element_type=\"container\" data-settings=\"{&quot;background_background&quot;:&quot;classic&quot;}\">\n\t\t\t\t<div class=\"elementor-element elementor-element-b141d3b elementor-widget elementor-widget-text-editor\" data-id=\"b141d3b\" data-element_type=\"widget\" data-widget_type=\"text-editor.default\">\n\t\t\t\t<div class=\"elementor-widget-container\">\n\t\t\t\t\t\t\t<p>Od\u015bnie\u017canie<\/p>\t\t\t\t\t\t<\/div>\n\t\t\t\t<\/div>\n\t\t\t\t<\/div>\n\t\t<div class=\"elementor-element elementor-element-3fffe30 e-con-full e-flex e-con e-child\" data-id=\"3fffe30\" data-element_type=\"container\" data-settings=\"{&quot;background_background&quot;:&quot;classic&quot;}\">\n\t\t\t\t<div class=\"elementor-element elementor-element-4dca6f0 elementor-widget elementor-widget-text-editor\" data-id=\"4dca6f0\" data-element_type=\"widget\" data-widget_type=\"text-editor.default\">\n\t\t\t\t<div class=\"elementor-widget-container\">\n\t\t\t\t\t\t\t<p>Transport<\/p>\t\t\t\t\t\t<\/div>\n\t\t\t\t<\/div>\n\t\t\t\t<\/div>\n\t\t<div class=\"elementor-element elementor-element-a5a73e1 e-con-full e-flex e-con e-child\" data-id=\"a5a73e1\" data-element_type=\"container\" data-settings=\"{&quot;background_background&quot;:&quot;classic&quot;}\">\n\t\t\t\t<div class=\"elementor-element elementor-element-dde755d elementor-widget elementor-widget-text-editor\" data-id=\"dde755d\" data-element_type=\"widget\" data-widget_type=\"text-editor.default\">\n\t\t\t\t<div class=\"elementor-widget-container\">\n\t\t\t\t\t\t\t<p>Roboty ziemne<\/p>\t\t\t\t\t\t<\/div>\n\t\t\t\t<\/div>\n\t\t\t\t<\/div>\n\t\t<div class=\"elementor-element elementor-element-1b1f2d3 e-con-full e-flex e-con e-child\" data-id=\"1b1f2d3\" data-element_type=\"container\" data-settings=\"{&quot;background_background&quot;:&quot;classic&quot;}\">\n\t\t\t\t<div class=\"elementor-element elementor-element-1fdee9d elementor-widget elementor-widget-text-editor\" data-id=\"1fdee9d\" data-element_type=\"widget\" data-widget_type=\"text-editor.default\">\n\t\t\t\t<div class=\"elementor-widget-container\">\n\t\t\t\t\t\t\t<p>Nieruchomo\u015bci<\/p>\t\t\t\t\t\t<\/div>\n\t\t\t\t<\/div>\n\t\t\t\t<\/div>\n\t\t\t\t\t<\/div>\n\t\t\t\t<\/div>\n\t\t<div class=\"elementor-element elementor-element-4dd30e0 elementor-hidden-desktop elementor-hidden-tablet e-con-full e-flex e-con e-parent\" data-id=\"4dd30e0\" data-element_type=\"container\" data-settings=\"{&quot;background_background&quot;:&quot;classic&quot;}\" data-core-v316-plus=\"true\">\n\t\t<div class=\"elementor-element elementor-element-b897fe0 e-con-full e-flex e-con e-child\" data-id=\"b897fe0\" data-element_type=\"container\" data-settings=\"{&quot;background_background&quot;:&quot;classic&quot;}\">\n\t\t\t\t<\/div>\n\t\t<div class=\"elementor-element elementor-element-8a76e25 e-con-full e-flex e-con e-child\" data-id=\"8a76e25\" data-element_type=\"container\" data-settings=\"{&quot;background_background&quot;:&quot;classic&quot;}\">\n\t\t\t\t<div class=\"elementor-element elementor-element-046f7d4 elementor-widget elementor-widget-text-editor\" data-id=\"046f7d4\" data-element_type=\"widget\" data-widget_type=\"text-editor.default\">\n\t\t\t\t<div class=\"elementor-widget-container\">\n\t\t\t\t\t\t\t<p>Us\u0142ugi koparko \u0142adowark\u0105<\/p>\t\t\t\t\t\t<\/div>\n\t\t\t\t<\/div>\n\t\t\t\t<\/div>\n\t\t<div class=\"elementor-element elementor-element-76ce3b0 e-con-full e-flex e-con e-child\" data-id=\"76ce3b0\" data-element_type=\"container\" data-settings=\"{&quot;background_background&quot;:&quot;classic&quot;}\">\n\t\t\t\t<\/div>\n\t\t<div class=\"elementor-element elementor-element-9b33cc2 e-con-full e-flex e-con e-child\" data-id=\"9b33cc2\" data-element_type=\"container\" data-settings=\"{&quot;background_background&quot;:&quot;classic&quot;}\">\n\t\t\t\t<div class=\"elementor-element elementor-element-3c07074 elementor-widget elementor-widget-text-editor\" data-id=\"3c07074\" data-element_type=\"widget\" data-widget_type=\"text-editor.default\">\n\t\t\t\t<div class=\"elementor-widget-container\">\n\t\t\t\t\t\t\t<p>Od\u015bnie\u017canie<\/p>\t\t\t\t\t\t<\/div>\n\t\t\t\t<\/div>\n\t\t\t\t<\/div>\n\t\t<div class=\"elementor-element elementor-element-8defc28 e-con-full e-flex e-con e-child\" data-id=\"8defc28\" data-element_type=\"container\" data-settings=\"{&quot;background_background&quot;:&quot;classic&quot;}\">\n\t\t\t\t<\/div>\n\t\t<div class=\"elementor-element elementor-element-53ca6be e-con-full e-flex e-con e-child\" data-id=\"53ca6be\" data-element_type=\"container\" data-settings=\"{&quot;background_background&quot;:&quot;classic&quot;}\">\n\t\t\t\t<div class=\"elementor-element elementor-element-868acbd elementor-widget elementor-widget-text-editor\" data-id=\"868acbd\" data-element_type=\"widget\" data-widget_type=\"text-editor.default\">\n\t\t\t\t<div class=\"elementor-widget-container\">\n\t\t\t\t\t\t\t<p>Transport<\/p>\t\t\t\t\t\t<\/div>\n\t\t\t\t<\/div>\n\t\t\t\t<\/div>\n\t\t<div class=\"elementor-element elementor-element-87d9cc4 e-con-full e-flex e-con e-child\" data-id=\"87d9cc4\" data-element_type=\"container\" data-settings=\"{&quot;background_background&quot;:&quot;classic&quot;}\">\n\t\t\t\t<\/div>\n\t\t<div class=\"elementor-element elementor-element-ac735ef e-con-full e-flex e-con e-child\" data-id=\"ac735ef\" data-element_type=\"container\" data-settings=\"{&quot;background_background&quot;:&quot;classic&quot;}\">\n\t\t\t\t<div class=\"elementor-element elementor-element-7b7d32a elementor-widget elementor-widget-text-editor\" data-id=\"7b7d32a\" data-element_type=\"widget\" data-widget_type=\"text-editor.default\">\n\t\t\t\t<div class=\"elementor-widget-container\">\n\t\t\t\t\t\t\t<p>Roboty ziemne<\/p>\t\t\t\t\t\t<\/div>\n\t\t\t\t<\/div>\n\t\t\t\t<\/div>\n\t\t<div class=\"elementor-element elementor-element-2feee1a e-con-full e-flex e-con e-child\" data-id=\"2feee1a\" data-element_type=\"container\" data-settings=\"{&quot;background_background&quot;:&quot;classic&quot;}\">\n\t\t\t\t<\/div>\n\t\t<div class=\"elementor-element elementor-element-aa984fc e-con-full e-flex e-con e-child\" data-id=\"aa984fc\" data-element_type=\"container\" data-settings=\"{&quot;background_background&quot;:&quot;classic&quot;}\">\n\t\t\t\t<div class=\"elementor-element elementor-element-4a0982a elementor-widget elementor-widget-text-editor\" data-id=\"4a0982a\" data-element_type=\"widget\" data-widget_type=\"text-editor.default\">\n\t\t\t\t<div class=\"elementor-widget-container\">\n\t\t\t\t\t\t\t<p>Nieruchomo\u015bci<\/p>\t\t\t\t\t\t<\/div>\n\t\t\t\t<\/div>\n\t\t\t\t<\/div>\n\t\t\t\t<\/div>\n\t\t<div class=\"elementor-element elementor-element-986dc52 e-flex e-con-boxed e-con e-parent\" data-id=\"986dc52\" data-element_type=\"container\" data-settings=\"{&quot;background_background&quot;:&quot;classic&quot;}\" data-core-v316-plus=\"true\">\n\t\t\t\t\t<div class=\"e-con-inner\">\n\t\t<div class=\"elementor-element elementor-element-398bd11 e-con-full e-flex e-con e-child\" data-id=\"398bd11\" data-element_type=\"container\">\n\t\t\t\t<div class=\"elementor-element elementor-element-714bde5 elementor-widget elementor-widget-heading\" data-id=\"714bde5\" data-element_type=\"widget\" data-widget_type=\"heading.default\">\n\t\t\t\t<div class=\"elementor-widget-container\">\n\t\t\t<h2 class=\"elementor-heading-title elementor-size-default\">30<\/h2>\t\t<\/div>\n\t\t\t\t<\/div>\n\t\t\t\t<\/div>\n\t\t<div class=\"elementor-element elementor-element-97b24d8 e-con-full e-flex e-con e-child\" data-id=\"97b24d8\" data-element_type=\"container\">\n\t\t\t\t<div class=\"elementor-element elementor-element-9eeb365 elementor-widget elementor-widget-text-editor\" data-id=\"9eeb365\" data-element_type=\"widget\" data-widget_type=\"text-editor.default\">\n\t\t\t\t<div class=\"elementor-widget-container\">\n\t\t\t\t\t\t\t<p>30 Lat do\u015bwiadczenia<\/p>\t\t\t\t\t\t<\/div>\n\t\t\t\t<\/div>\n\t\t\t\t<\/div>\n\t\t<div class=\"elementor-element elementor-element-4566f5b e-con-full e-flex e-con e-child\" data-id=\"4566f5b\" data-element_type=\"container\">\n\t\t\t\t<div class=\"elementor-element elementor-element-3d497a9 elementor-widget__width-initial elementor-widget elementor-widget-image\" data-id=\"3d497a9\" data-element_type=\"widget\" data-widget_type=\"image.default\">\n\t\t\t\t<div class=\"elementor-widget-container\">\n\t\t\t\t\t\t\t\t\t\t\t\t\t<img decoding=\"async\" width=\"800\" height=\"438\" src=\"https:\/\/zak-mikolow.pl\/wp-content\/uploads\/2024\/04\/JCB-1024x561.png\" class=\"attachment-large size-large wp-image-148\" alt=\"\" srcset=\"https:\/\/zak-mikolow.pl\/wp-content\/uploads\/2024\/04\/JCB-1024x561.png 1024w, https:\/\/zak-mikolow.pl\/wp-content\/uploads\/2024\/04\/JCB-300x164.png 300w, https:\/\/zak-mikolow.pl\/wp-content\/uploads\/2024\/04\/JCB-768x421.png 768w, https:\/\/zak-mikolow.pl\/wp-content\/uploads\/2024\/04\/elementor\/thumbs\/JCB-qm31nuxvlkrhhyncoyztp8zgryol7h9xrislhfku6k.png 25w, https:\/\/zak-mikolow.pl\/wp-content\/uploads\/2024\/04\/JCB.png 1521w\" sizes=\"(max-width: 800px) 100vw, 800px\" \/>\t\t\t\t\t\t\t\t\t\t\t\t\t<\/div>\n\t\t\t\t<\/div>\n\t\t\t\t<\/div>\n\t\t\t\t\t<\/div>\n\t\t\t\t<\/div>\n\t\t\t\t<\/div>\n\t\t","protected":false},"excerpt":{"rendered":"<p>ZAK ZAK to nowoczesny sprz\u0119t i kompleksowe us\u0142ugi. Zajmujemy si\u0119 przewozem wszelkiego rodzaju \u0142adunk\u00f3w sypkich, wymagaj\u0105cych u\u017cycia d\u0142u\u017cyc oraz \u0142adunk\u00f3w wymagaj\u0105cych przykrycia plandekami. Ponadto \u015bwiadczymy us\u0142ugi nowoczesnymi koparko\u0142adowarkami marki JCB. Wa\u017cn\u0105 dla nas ga\u0142\u0119zi\u0105 firmy jest us\u0142uga od\u015bnie\u017cania. Posiadamy w\u0142asne solarki wyposa\u017cone w wysokiej jako\u015bci i wydajno\u015bci p\u0142ugi. Ofert\u0119 od\u015bnie\u017cania dr\u00f3g i plac\u00f3w poszerzamy o [&hellip;]<\/p>\n","protected":false},"author":1,"featured_media":0,"parent":0,"menu_order":0,"comment_status":"closed","ping_status":"closed","template":"elementor_header_footer","meta":{"footnotes":""},"class_list":["post-22","page","type-page","status-publish","hentry"],"_links":{"self":[{"href":"https:\/\/zak-mikolow.pl\/index.php?rest_route=\/wp\/v2\/pages\/22","targetHints":{"allow":["GET"]}}],"collection":[{"href":"https:\/\/zak-mikolow.pl\/index.php?rest_route=\/wp\/v2\/pages"}],"about":[{"href":"https:\/\/zak-mikolow.pl\/index.php?rest_route=\/wp\/v2\/types\/page"}],"author":[{"embeddable":true,"href":"https:\/\/zak-mikolow.pl\/index.php?rest_route=\/wp\/v2\/users\/1"}],"replies":[{"embeddable":true,"href":"https:\/\/zak-mikolow.pl\/index.php?rest_route=%2Fwp%2Fv2%2Fcomments&post=22"}],"version-history":[{"count":370,"href":"https:\/\/zak-mikolow.pl\/index.php?rest_route=\/wp\/v2\/pages\/22\/revisions"}],"predecessor-version":[{"id":611,"href":"https:\/\/zak-mikolow.pl\/index.php?rest_route=\/wp\/v2\/pages\/22\/revisions\/611"}],"wp:attachment":[{"href":"https:\/\/zak-mikolow.pl\/index.php?rest_route=%2Fwp%2Fv2%2Fmedia&parent=22"}],"curies":[{"name":"wp","href":"https:\/\/api.w.org\/{rel}","templated":true}]}}