{"id":444,"date":"2024-04-02T07:33:31","date_gmt":"2024-04-02T05:33:31","guid":{"rendered":"https:\/\/zak-mikolow.pl\/?page_id=444"},"modified":"2024-04-02T08:13:36","modified_gmt":"2024-04-02T06:13:36","slug":"uslugi-koparko-ladowarka","status":"publish","type":"page","link":"https:\/\/zak-mikolow.pl\/?page_id=444","title":{"rendered":"Us\u0142ugi koparko \u0142adowark\u0105"},"content":{"rendered":"\t\t<div data-elementor-type=\"wp-page\" data-elementor-id=\"444\" class=\"elementor elementor-444\" data-elementor-post-type=\"page\">\n\t\t\t\t<div class=\"elementor-element elementor-element-4a8cb03 e-flex e-con-boxed e-con e-parent\" data-id=\"4a8cb03\" data-element_type=\"container\" data-settings=\"{&quot;background_background&quot;:&quot;classic&quot;,&quot;background_motion_fx_motion_fx_scrolling&quot;:&quot;yes&quot;,&quot;background_motion_fx_devices&quot;:[&quot;desktop&quot;,&quot;tablet&quot;,&quot;mobile&quot;]}\" data-core-v316-plus=\"true\">\n\t\t\t\t\t<div class=\"e-con-inner\">\n\t\t<div class=\"elementor-element elementor-element-c1bdbfc e-con-full e-flex e-con e-child\" data-id=\"c1bdbfc\" data-element_type=\"container\">\n\t\t\t\t<div class=\"elementor-element elementor-element-734e9ff elementor-widget__width-initial elementor-widget elementor-widget-image\" data-id=\"734e9ff\" data-element_type=\"widget\" data-widget_type=\"image.default\">\n\t\t\t\t<div class=\"elementor-widget-container\">\n\t\t\t<style>\/*! elementor - v3.20.0 - 26-03-2024 *\/\n.elementor-widget-image{text-align:center}.elementor-widget-image a{display:inline-block}.elementor-widget-image a img[src$=\".svg\"]{width:48px}.elementor-widget-image img{vertical-align:middle;display:inline-block}<\/style>\t\t\t\t\t\t\t\t\t\t<img fetchpriority=\"high\" decoding=\"async\" width=\"529\" height=\"428\" src=\"https:\/\/zak-mikolow.pl\/wp-content\/uploads\/2024\/03\/Obszar-roboczy-1-1-e1711609188359.png\" class=\"attachment-full size-full wp-image-27\" alt=\"\" srcset=\"https:\/\/zak-mikolow.pl\/wp-content\/uploads\/2024\/03\/Obszar-roboczy-1-1-e1711609188359.png 529w, https:\/\/zak-mikolow.pl\/wp-content\/uploads\/2024\/03\/Obszar-roboczy-1-1-e1711609188359-300x243.png 300w\" sizes=\"(max-width: 529px) 100vw, 529px\" \/>\t\t\t\t\t\t\t\t\t\t\t\t\t<\/div>\n\t\t\t\t<\/div>\n\t\t\t\t<\/div>\n\t\t<div class=\"elementor-element elementor-element-4420ede e-con-full e-flex e-con e-child\" data-id=\"4420ede\" data-element_type=\"container\">\n\t\t\t\t<div class=\"elementor-element elementor-element-d420dbc elementor-widget elementor-widget-heading\" data-id=\"d420dbc\" data-element_type=\"widget\" data-widget_type=\"heading.default\">\n\t\t\t\t<div class=\"elementor-widget-container\">\n\t\t\t<style>\/*! elementor - v3.20.0 - 26-03-2024 *\/\n.elementor-heading-title{padding:0;margin:0;line-height:1}.elementor-widget-heading .elementor-heading-title[class*=elementor-size-]>a{color:inherit;font-size:inherit;line-height:inherit}.elementor-widget-heading .elementor-heading-title.elementor-size-small{font-size:15px}.elementor-widget-heading .elementor-heading-title.elementor-size-medium{font-size:19px}.elementor-widget-heading .elementor-heading-title.elementor-size-large{font-size:29px}.elementor-widget-heading .elementor-heading-title.elementor-size-xl{font-size:39px}.elementor-widget-heading .elementor-heading-title.elementor-size-xxl{font-size:59px}<\/style><h2 class=\"elementor-heading-title elementor-size-default\">ZAK<\/h2>\t\t<\/div>\n\t\t\t\t<\/div>\n\t\t\t\t<\/div>\n\t\t<div class=\"elementor-element elementor-element-840d842 e-con-full e-flex e-con e-child\" data-id=\"840d842\" data-element_type=\"container\">\n\t\t\t\t<div class=\"elementor-element elementor-element-fc07b95 elementor-widget elementor-widget-text-editor\" data-id=\"fc07b95\" data-element_type=\"widget\" data-widget_type=\"text-editor.default\">\n\t\t\t\t<div class=\"elementor-widget-container\">\n\t\t\t<style>\/*! elementor - v3.20.0 - 26-03-2024 *\/\n.elementor-widget-text-editor.elementor-drop-cap-view-stacked .elementor-drop-cap{background-color:#69727d;color:#fff}.elementor-widget-text-editor.elementor-drop-cap-view-framed .elementor-drop-cap{color:#69727d;border:3px solid;background-color:transparent}.elementor-widget-text-editor:not(.elementor-drop-cap-view-default) .elementor-drop-cap{margin-top:8px}.elementor-widget-text-editor:not(.elementor-drop-cap-view-default) .elementor-drop-cap-letter{width:1em;height:1em}.elementor-widget-text-editor .elementor-drop-cap{float:left;text-align:center;line-height:1;font-size:50px}.elementor-widget-text-editor .elementor-drop-cap-letter{display:inline-block}<\/style>\t\t\t\t<p>Us\u0142ugi koparko \u0142adowarkami<\/p>\t\t\t\t\t\t<\/div>\n\t\t\t\t<\/div>\n\t\t\t\t<\/div>\n\t\t\t\t\t<\/div>\n\t\t\t\t<\/div>\n\t\t<div class=\"elementor-element elementor-element-b604653 e-flex e-con-boxed e-con e-parent\" data-id=\"b604653\" data-element_type=\"container\" data-settings=\"{&quot;background_background&quot;:&quot;classic&quot;,&quot;background_motion_fx_motion_fx_scrolling&quot;:&quot;yes&quot;,&quot;background_motion_fx_devices&quot;:[&quot;desktop&quot;,&quot;tablet&quot;,&quot;mobile&quot;]}\" data-core-v316-plus=\"true\">\n\t\t\t\t\t<div class=\"e-con-inner\">\n\t\t<div class=\"elementor-element elementor-element-a11d4c1 e-con-full e-flex e-con e-child\" data-id=\"a11d4c1\" data-element_type=\"container\">\n\t\t\t\t<div class=\"elementor-element elementor-element-be7603e elementor-widget elementor-widget-heading\" data-id=\"be7603e\" data-element_type=\"widget\" data-widget_type=\"heading.default\">\n\t\t\t\t<div class=\"elementor-widget-container\">\n\t\t\t<h2 class=\"elementor-heading-title elementor-size-default\">US\u0141UGI KOPARKO \u0141ADOWARKAMI<\/h2>\t\t<\/div>\n\t\t\t\t<\/div>\n\t\t\t\t<\/div>\n\t\t<div class=\"elementor-element elementor-element-ad32336 e-con-full e-flex e-con e-child\" data-id=\"ad32336\" data-element_type=\"container\">\n\t\t\t\t<div class=\"elementor-element elementor-element-f06521c elementor-widget elementor-widget-text-editor\" data-id=\"f06521c\" data-element_type=\"widget\" data-widget_type=\"text-editor.default\">\n\t\t\t\t<div class=\"elementor-widget-container\">\n\t\t\t\t\t\t\t<p>Firma ZAK oferuje kompleksowe us\u0142ugi koparko \u0142adowarkami JCB, mini koparkami JCB oraz koparkami obrotowymi ATLAS. W przypadku ci\u0119\u017ckich prac niwelacyjnych do Pa\u0144stwa dypozycji oddajemy spychark\u0119 10T.<\/p><p>Wsp\u00f3\u0142pracujemy z firmami budowlanymi \/ z przedsi\u0119biorstwami oraz z osobami fizycznymi.<\/p><p>Wykonujemy wykopy kopark\u0105 pod: fundamenty, domy jednorodzinne, wielorodzinne, bloki, hale i magazyny, drena\u017ce, przy\u0142\u0105cza wodne, elektryczne i gazowe, kanalizacje, oczyszczalnie \u015bciek\u00f3w, sieci wodoci\u0105gowe, instalacje, oczka wodne i baseny, zbiorniki wodne, kana\u0142y i rowy melioracyjne, wszelkie inne wykopy.<\/p><p>Realizujemy: niwelacje i skarpowanie terenu, r\u00f3wnanie terenu, za\u0142adunek ziemi i gruzu, prace przy budowie dr\u00f3g, chodnik\u00f3w, za\u0142adunek i roz\u0142adunek wid\u0142ami palet. Wynajem koparek wraz z operatorem.<br \/>Przy niwelacji terenu istnieje mo\u017cliwo\u015b\u0107 wynajmu spycharki 10T. Sprz\u0119t dowieziemy na teren realizacji zadania w\u0142asnym transportem.<\/p><p>Nasze koparki s\u0105 w pe\u0142ni wyposa\u017cone w \u0142y\u017cki 30 cm, 60 cm, 90 cm, \u0142y\u017cki skarpowe oraz wid\u0142y.<\/p><p>Zatrudniamy do\u015bwiadczonych operator\u00f3w z odpowiednimi uprawnieniami.<\/p><p>Wszystkie oferowanie przez nas us\u0142ugi s\u0105 wykonywane z mocnym naciskiem na rzetelno\u015b\u0107 i profesjonalizm.<\/p><p>Od wrze\u015bnia 2010 \u015bwiadczymy tak\u017ce us\u0142ugi mini koparkami &#8211; wsz\u0119dzie tam gdzie nie wiele pomo\u017ce ci\u0119\u017cki sprz\u0119t a wymagana jest precyzja w prowadzeniu prac ziemnych.<\/p><p>Od wrze\u015bnia 2011 roku konsekwentnie poszerzaj\u0105c zakres naszej ofery zakupili\u015bmy obrotow\u0105 kopark\u0119 ATLAS 1504. Pracuje tam gdzie mniejszy nie mo\u017ce ;).<\/p>\t\t\t\t\t\t<\/div>\n\t\t\t\t<\/div>\n\t\t\t\t<\/div>\n\t\t\t\t\t<\/div>\n\t\t\t\t<\/div>\n\t\t\t\t<\/div>\n\t\t","protected":false},"excerpt":{"rendered":"<p>ZAK Us\u0142ugi koparko \u0142adowarkami US\u0141UGI KOPARKO \u0141ADOWARKAMI Firma ZAK oferuje kompleksowe us\u0142ugi koparko \u0142adowarkami JCB, mini koparkami JCB oraz koparkami obrotowymi ATLAS. W przypadku ci\u0119\u017ckich prac niwelacyjnych do Pa\u0144stwa dypozycji oddajemy spychark\u0119 10T. Wsp\u00f3\u0142pracujemy z firmami budowlanymi \/ z przedsi\u0119biorstwami oraz z osobami fizycznymi. Wykonujemy wykopy kopark\u0105 pod: fundamenty, domy jednorodzinne, wielorodzinne, bloki, hale i [&hellip;]<\/p>\n","protected":false},"author":1,"featured_media":0,"parent":0,"menu_order":0,"comment_status":"closed","ping_status":"closed","template":"elementor_header_footer","meta":{"footnotes":""},"class_list":["post-444","page","type-page","status-publish","hentry"],"_links":{"self":[{"href":"https:\/\/zak-mikolow.pl\/index.php?rest_route=\/wp\/v2\/pages\/444","targetHints":{"allow":["GET"]}}],"collection":[{"href":"https:\/\/zak-mikolow.pl\/index.php?rest_route=\/wp\/v2\/pages"}],"about":[{"href":"https:\/\/zak-mikolow.pl\/index.php?rest_route=\/wp\/v2\/types\/page"}],"author":[{"embeddable":true,"href":"https:\/\/zak-mikolow.pl\/index.php?rest_route=\/wp\/v2\/users\/1"}],"replies":[{"embeddable":true,"href":"https:\/\/zak-mikolow.pl\/index.php?rest_route=%2Fwp%2Fv2%2Fcomments&post=444"}],"version-history":[{"count":10,"href":"https:\/\/zak-mikolow.pl\/index.php?rest_route=\/wp\/v2\/pages\/444\/revisions"}],"predecessor-version":[{"id":498,"href":"https:\/\/zak-mikolow.pl\/index.php?rest_route=\/wp\/v2\/pages\/444\/revisions\/498"}],"wp:attachment":[{"href":"https:\/\/zak-mikolow.pl\/index.php?rest_route=%2Fwp%2Fv2%2Fmedia&parent=444"}],"curies":[{"name":"wp","href":"https:\/\/api.w.org\/{rel}","templated":true}]}}