{"id":462,"date":"2024-04-02T07:57:55","date_gmt":"2024-04-02T05:57:55","guid":{"rendered":"https:\/\/zak-mikolow.pl\/?page_id=462"},"modified":"2024-04-02T08:17:26","modified_gmt":"2024-04-02T06:17:26","slug":"odsniezanie","status":"publish","type":"page","link":"https:\/\/zak-mikolow.pl\/?page_id=462","title":{"rendered":"Od\u015bnie\u017canie"},"content":{"rendered":"\t\t<div data-elementor-type=\"wp-page\" data-elementor-id=\"462\" class=\"elementor elementor-462\" data-elementor-post-type=\"page\">\n\t\t\t\t<div class=\"elementor-element elementor-element-2b525b8 e-flex e-con-boxed e-con e-parent\" data-id=\"2b525b8\" data-element_type=\"container\" data-settings=\"{&quot;background_background&quot;:&quot;classic&quot;,&quot;background_motion_fx_motion_fx_scrolling&quot;:&quot;yes&quot;,&quot;background_motion_fx_devices&quot;:[&quot;desktop&quot;,&quot;tablet&quot;,&quot;mobile&quot;]}\" data-core-v316-plus=\"true\">\n\t\t\t\t\t<div class=\"e-con-inner\">\n\t\t<div class=\"elementor-element elementor-element-1c70293 e-con-full e-flex e-con e-child\" data-id=\"1c70293\" data-element_type=\"container\">\n\t\t\t\t<div class=\"elementor-element elementor-element-11ad424 elementor-widget__width-initial elementor-widget elementor-widget-image\" data-id=\"11ad424\" data-element_type=\"widget\" data-widget_type=\"image.default\">\n\t\t\t\t<div class=\"elementor-widget-container\">\n\t\t\t<style>\/*! elementor - v3.20.0 - 26-03-2024 *\/\n.elementor-widget-image{text-align:center}.elementor-widget-image a{display:inline-block}.elementor-widget-image a img[src$=\".svg\"]{width:48px}.elementor-widget-image img{vertical-align:middle;display:inline-block}<\/style>\t\t\t\t\t\t\t\t\t\t<img fetchpriority=\"high\" decoding=\"async\" width=\"529\" height=\"428\" src=\"https:\/\/zak-mikolow.pl\/wp-content\/uploads\/2024\/03\/Obszar-roboczy-1-1-e1711609188359.png\" class=\"attachment-full size-full wp-image-27\" alt=\"\" srcset=\"https:\/\/zak-mikolow.pl\/wp-content\/uploads\/2024\/03\/Obszar-roboczy-1-1-e1711609188359.png 529w, https:\/\/zak-mikolow.pl\/wp-content\/uploads\/2024\/03\/Obszar-roboczy-1-1-e1711609188359-300x243.png 300w\" sizes=\"(max-width: 529px) 100vw, 529px\" \/>\t\t\t\t\t\t\t\t\t\t\t\t\t<\/div>\n\t\t\t\t<\/div>\n\t\t\t\t<\/div>\n\t\t<div class=\"elementor-element elementor-element-c94a8b8 e-con-full e-flex e-con e-child\" data-id=\"c94a8b8\" data-element_type=\"container\">\n\t\t\t\t<div class=\"elementor-element elementor-element-adadd8e elementor-widget elementor-widget-heading\" data-id=\"adadd8e\" data-element_type=\"widget\" data-widget_type=\"heading.default\">\n\t\t\t\t<div class=\"elementor-widget-container\">\n\t\t\t<style>\/*! elementor - v3.20.0 - 26-03-2024 *\/\n.elementor-heading-title{padding:0;margin:0;line-height:1}.elementor-widget-heading .elementor-heading-title[class*=elementor-size-]>a{color:inherit;font-size:inherit;line-height:inherit}.elementor-widget-heading .elementor-heading-title.elementor-size-small{font-size:15px}.elementor-widget-heading .elementor-heading-title.elementor-size-medium{font-size:19px}.elementor-widget-heading .elementor-heading-title.elementor-size-large{font-size:29px}.elementor-widget-heading .elementor-heading-title.elementor-size-xl{font-size:39px}.elementor-widget-heading .elementor-heading-title.elementor-size-xxl{font-size:59px}<\/style><h2 class=\"elementor-heading-title elementor-size-default\">ZAK<\/h2>\t\t<\/div>\n\t\t\t\t<\/div>\n\t\t\t\t<\/div>\n\t\t<div class=\"elementor-element elementor-element-a0320f8 e-con-full e-flex e-con e-child\" data-id=\"a0320f8\" data-element_type=\"container\">\n\t\t\t\t<div class=\"elementor-element elementor-element-42d3229 elementor-widget elementor-widget-text-editor\" data-id=\"42d3229\" data-element_type=\"widget\" data-widget_type=\"text-editor.default\">\n\t\t\t\t<div class=\"elementor-widget-container\">\n\t\t\t<style>\/*! elementor - v3.20.0 - 26-03-2024 *\/\n.elementor-widget-text-editor.elementor-drop-cap-view-stacked .elementor-drop-cap{background-color:#69727d;color:#fff}.elementor-widget-text-editor.elementor-drop-cap-view-framed .elementor-drop-cap{color:#69727d;border:3px solid;background-color:transparent}.elementor-widget-text-editor:not(.elementor-drop-cap-view-default) .elementor-drop-cap{margin-top:8px}.elementor-widget-text-editor:not(.elementor-drop-cap-view-default) .elementor-drop-cap-letter{width:1em;height:1em}.elementor-widget-text-editor .elementor-drop-cap{float:left;text-align:center;line-height:1;font-size:50px}.elementor-widget-text-editor .elementor-drop-cap-letter{display:inline-block}<\/style>\t\t\t\t<p>Od\u015bnie\u017canie<\/p>\t\t\t\t\t\t<\/div>\n\t\t\t\t<\/div>\n\t\t\t\t<\/div>\n\t\t\t\t\t<\/div>\n\t\t\t\t<\/div>\n\t\t<div class=\"elementor-element elementor-element-1f9caf3 e-flex e-con-boxed e-con e-parent\" data-id=\"1f9caf3\" data-element_type=\"container\" data-settings=\"{&quot;background_background&quot;:&quot;classic&quot;,&quot;background_motion_fx_motion_fx_scrolling&quot;:&quot;yes&quot;,&quot;background_motion_fx_devices&quot;:[&quot;desktop&quot;,&quot;tablet&quot;,&quot;mobile&quot;]}\" data-core-v316-plus=\"true\">\n\t\t\t\t\t<div class=\"e-con-inner\">\n\t\t<div class=\"elementor-element elementor-element-f6d22c5 e-con-full e-flex e-con e-child\" data-id=\"f6d22c5\" data-element_type=\"container\">\n\t\t\t\t<div class=\"elementor-element elementor-element-a35f6e9 elementor-widget elementor-widget-heading\" data-id=\"a35f6e9\" data-element_type=\"widget\" data-widget_type=\"heading.default\">\n\t\t\t\t<div class=\"elementor-widget-container\">\n\t\t\t<h2 class=\"elementor-heading-title elementor-size-default\">OD\u015aNIE\u017bANIE<\/h2>\t\t<\/div>\n\t\t\t\t<\/div>\n\t\t\t\t<\/div>\n\t\t<div class=\"elementor-element elementor-element-7251824 e-con-full e-flex e-con e-child\" data-id=\"7251824\" data-element_type=\"container\">\n\t\t\t\t<div class=\"elementor-element elementor-element-5d63171 elementor-widget elementor-widget-text-editor\" data-id=\"5d63171\" data-element_type=\"widget\" data-widget_type=\"text-editor.default\">\n\t\t\t\t<div class=\"elementor-widget-container\">\n\t\t\t\t\t\t\t<p>Firma ZAK oferuje szeroko rozumiane us\u0142ugi z zakresu od\u015bnie\u017cania.<\/p><p>Dysponujemy w\u0142asn\u0105 flot\u0105 p\u0142ug\u00f3w oraz p\u0142ugo-solarek. Posiadamy wieloletnie do\u015bwiadczenie oraz odpowiednio przeszkolony personel. Wsp\u00f3\u0142pracujemy z wieloma firmami na terenie ca\u0142ego wojew\u00f3dztwa \u015alaskiego. Przede wszystkim zasi\u0119g terytorialny \u015bwiadczonych przez nas us\u0142ug od\u015bnie\u017cania obejmuje Powiat Miko\u0142owski z Gminami: Miko\u0142\u00f3w, \u0141aziska G\u00f3rne, Ornontowice, Orzesze.<\/p><p>Dzi\u0119ki mo\u017cliwo\u015bciom naszego taboru oraz koparko-\u0142adowarek mo\u017cemy sprawnie i szybko usun\u0105\u0107 nadmiar spryzmowanego na placach, parkingach \u015bniegu.<\/p><p>Od\u015bnie\u017camy:<\/p><p>&#8211; drogi miejskie<br \/>&#8211; tereny przemys\u0142owe<br \/>&#8211; parkingi<br \/>&#8211; osiedla<br \/>&#8211; place manewrowe<br \/>&#8211; chodniki<br \/>&#8211; dachy obiekt\u00f3w przemys\u0142owych<\/p><p>POGOTOWIE \u015aNIEGOWE 24 H 601 88 77 66<\/p><p>Nas zima nie zaskakuje. Od szybkiej reakcji na opadu \u015bniegu zale\u017cy dro\u017cno\u015b\u0107 dojazdu do Pa\u0144stwa hal produkcyjnych, magazyn\u00f3w. Dzi\u0119ki ekspresowej wyw\u00f3zce nadmiaru \u015bniegu Pa\u0144stwa klienci nie b\u0119d\u0105 zakopywa\u0107 si\u0119 w cha\u0142dach zalegaj\u0105cych na firmoym parkingu.<\/p><p>\u00a0<\/p><p>Na \u017cyczenie mo\u017cemy przedstawi\u0107 referencje wystawione przez wiod\u0105ce na terenie Powiatu Miko\u0142owskiego podmioty.<\/p>\t\t\t\t\t\t<\/div>\n\t\t\t\t<\/div>\n\t\t\t\t<\/div>\n\t\t\t\t\t<\/div>\n\t\t\t\t<\/div>\n\t\t\t\t<\/div>\n\t\t","protected":false},"excerpt":{"rendered":"<p>ZAK Od\u015bnie\u017canie OD\u015aNIE\u017bANIE Firma ZAK oferuje szeroko rozumiane us\u0142ugi z zakresu od\u015bnie\u017cania. Dysponujemy w\u0142asn\u0105 flot\u0105 p\u0142ug\u00f3w oraz p\u0142ugo-solarek. Posiadamy wieloletnie do\u015bwiadczenie oraz odpowiednio przeszkolony personel. Wsp\u00f3\u0142pracujemy z wieloma firmami na terenie ca\u0142ego wojew\u00f3dztwa \u015alaskiego. Przede wszystkim zasi\u0119g terytorialny \u015bwiadczonych przez nas us\u0142ug od\u015bnie\u017cania obejmuje Powiat Miko\u0142owski z Gminami: Miko\u0142\u00f3w, \u0141aziska G\u00f3rne, Ornontowice, Orzesze. Dzi\u0119ki mo\u017cliwo\u015bciom [&hellip;]<\/p>\n","protected":false},"author":1,"featured_media":0,"parent":0,"menu_order":0,"comment_status":"closed","ping_status":"closed","template":"elementor_header_footer","meta":{"footnotes":""},"class_list":["post-462","page","type-page","status-publish","hentry"],"_links":{"self":[{"href":"https:\/\/zak-mikolow.pl\/index.php?rest_route=\/wp\/v2\/pages\/462","targetHints":{"allow":["GET"]}}],"collection":[{"href":"https:\/\/zak-mikolow.pl\/index.php?rest_route=\/wp\/v2\/pages"}],"about":[{"href":"https:\/\/zak-mikolow.pl\/index.php?rest_route=\/wp\/v2\/types\/page"}],"author":[{"embeddable":true,"href":"https:\/\/zak-mikolow.pl\/index.php?rest_route=\/wp\/v2\/users\/1"}],"replies":[{"embeddable":true,"href":"https:\/\/zak-mikolow.pl\/index.php?rest_route=%2Fwp%2Fv2%2Fcomments&post=462"}],"version-history":[{"count":10,"href":"https:\/\/zak-mikolow.pl\/index.php?rest_route=\/wp\/v2\/pages\/462\/revisions"}],"predecessor-version":[{"id":513,"href":"https:\/\/zak-mikolow.pl\/index.php?rest_route=\/wp\/v2\/pages\/462\/revisions\/513"}],"wp:attachment":[{"href":"https:\/\/zak-mikolow.pl\/index.php?rest_route=%2Fwp%2Fv2%2Fmedia&parent=462"}],"curies":[{"name":"wp","href":"https:\/\/api.w.org\/{rel}","templated":true}]}}