{"id":477,"date":"2024-04-02T08:07:03","date_gmt":"2024-04-02T06:07:03","guid":{"rendered":"https:\/\/zak-mikolow.pl\/?page_id=477"},"modified":"2024-04-02T08:17:00","modified_gmt":"2024-04-02T06:17:00","slug":"nieruchomosci","status":"publish","type":"page","link":"https:\/\/zak-mikolow.pl\/?page_id=477","title":{"rendered":"Nieruchomo\u015bci"},"content":{"rendered":"\t\t<div data-elementor-type=\"wp-page\" data-elementor-id=\"477\" class=\"elementor elementor-477\" data-elementor-post-type=\"page\">\n\t\t\t\t<div class=\"elementor-element elementor-element-2750b6d e-flex e-con-boxed e-con e-parent\" data-id=\"2750b6d\" data-element_type=\"container\" data-settings=\"{&quot;background_background&quot;:&quot;classic&quot;,&quot;background_motion_fx_motion_fx_scrolling&quot;:&quot;yes&quot;,&quot;background_motion_fx_devices&quot;:[&quot;desktop&quot;,&quot;tablet&quot;,&quot;mobile&quot;]}\" data-core-v316-plus=\"true\">\n\t\t\t\t\t<div class=\"e-con-inner\">\n\t\t<div class=\"elementor-element elementor-element-4c14816 e-con-full e-flex e-con e-child\" data-id=\"4c14816\" data-element_type=\"container\">\n\t\t\t\t<div class=\"elementor-element elementor-element-97e41bf elementor-widget__width-initial elementor-widget elementor-widget-image\" data-id=\"97e41bf\" data-element_type=\"widget\" data-widget_type=\"image.default\">\n\t\t\t\t<div class=\"elementor-widget-container\">\n\t\t\t<style>\/*! elementor - v3.20.0 - 26-03-2024 *\/\n.elementor-widget-image{text-align:center}.elementor-widget-image a{display:inline-block}.elementor-widget-image a img[src$=\".svg\"]{width:48px}.elementor-widget-image img{vertical-align:middle;display:inline-block}<\/style>\t\t\t\t\t\t\t\t\t\t<img fetchpriority=\"high\" decoding=\"async\" width=\"529\" height=\"428\" src=\"https:\/\/zak-mikolow.pl\/wp-content\/uploads\/2024\/03\/Obszar-roboczy-1-1-e1711609188359.png\" class=\"attachment-full size-full wp-image-27\" alt=\"\" srcset=\"https:\/\/zak-mikolow.pl\/wp-content\/uploads\/2024\/03\/Obszar-roboczy-1-1-e1711609188359.png 529w, https:\/\/zak-mikolow.pl\/wp-content\/uploads\/2024\/03\/Obszar-roboczy-1-1-e1711609188359-300x243.png 300w\" sizes=\"(max-width: 529px) 100vw, 529px\" \/>\t\t\t\t\t\t\t\t\t\t\t\t\t<\/div>\n\t\t\t\t<\/div>\n\t\t\t\t<\/div>\n\t\t<div class=\"elementor-element elementor-element-aaa376e e-con-full e-flex e-con e-child\" data-id=\"aaa376e\" data-element_type=\"container\">\n\t\t\t\t<div class=\"elementor-element elementor-element-ef9621a elementor-widget elementor-widget-heading\" data-id=\"ef9621a\" data-element_type=\"widget\" data-widget_type=\"heading.default\">\n\t\t\t\t<div class=\"elementor-widget-container\">\n\t\t\t<style>\/*! elementor - v3.20.0 - 26-03-2024 *\/\n.elementor-heading-title{padding:0;margin:0;line-height:1}.elementor-widget-heading .elementor-heading-title[class*=elementor-size-]>a{color:inherit;font-size:inherit;line-height:inherit}.elementor-widget-heading .elementor-heading-title.elementor-size-small{font-size:15px}.elementor-widget-heading .elementor-heading-title.elementor-size-medium{font-size:19px}.elementor-widget-heading .elementor-heading-title.elementor-size-large{font-size:29px}.elementor-widget-heading .elementor-heading-title.elementor-size-xl{font-size:39px}.elementor-widget-heading .elementor-heading-title.elementor-size-xxl{font-size:59px}<\/style><h2 class=\"elementor-heading-title elementor-size-default\">ZAK<\/h2>\t\t<\/div>\n\t\t\t\t<\/div>\n\t\t\t\t<\/div>\n\t\t<div class=\"elementor-element elementor-element-ab959bd e-con-full e-flex e-con e-child\" data-id=\"ab959bd\" data-element_type=\"container\">\n\t\t\t\t<div class=\"elementor-element elementor-element-af5383d elementor-widget elementor-widget-text-editor\" data-id=\"af5383d\" data-element_type=\"widget\" data-widget_type=\"text-editor.default\">\n\t\t\t\t<div class=\"elementor-widget-container\">\n\t\t\t<style>\/*! elementor - v3.20.0 - 26-03-2024 *\/\n.elementor-widget-text-editor.elementor-drop-cap-view-stacked .elementor-drop-cap{background-color:#69727d;color:#fff}.elementor-widget-text-editor.elementor-drop-cap-view-framed .elementor-drop-cap{color:#69727d;border:3px solid;background-color:transparent}.elementor-widget-text-editor:not(.elementor-drop-cap-view-default) .elementor-drop-cap{margin-top:8px}.elementor-widget-text-editor:not(.elementor-drop-cap-view-default) .elementor-drop-cap-letter{width:1em;height:1em}.elementor-widget-text-editor .elementor-drop-cap{float:left;text-align:center;line-height:1;font-size:50px}.elementor-widget-text-editor .elementor-drop-cap-letter{display:inline-block}<\/style>\t\t\t\t<p>Nieruchomo\u015bci<\/p>\t\t\t\t\t\t<\/div>\n\t\t\t\t<\/div>\n\t\t\t\t<\/div>\n\t\t\t\t\t<\/div>\n\t\t\t\t<\/div>\n\t\t<div class=\"elementor-element elementor-element-32013a7 e-flex e-con-boxed e-con e-parent\" data-id=\"32013a7\" data-element_type=\"container\" data-settings=\"{&quot;background_background&quot;:&quot;classic&quot;,&quot;background_motion_fx_motion_fx_scrolling&quot;:&quot;yes&quot;,&quot;background_motion_fx_devices&quot;:[&quot;desktop&quot;,&quot;tablet&quot;,&quot;mobile&quot;]}\" data-core-v316-plus=\"true\">\n\t\t\t\t\t<div class=\"e-con-inner\">\n\t\t<div class=\"elementor-element elementor-element-23bfb16 e-con-full e-flex e-con e-child\" data-id=\"23bfb16\" data-element_type=\"container\">\n\t\t\t\t<div class=\"elementor-element elementor-element-3272ba4 elementor-widget elementor-widget-heading\" data-id=\"3272ba4\" data-element_type=\"widget\" data-widget_type=\"heading.default\">\n\t\t\t\t<div class=\"elementor-widget-container\">\n\t\t\t<h2 class=\"elementor-heading-title elementor-size-default\">NIERUCHOMO\u015aCI<\/h2>\t\t<\/div>\n\t\t\t\t<\/div>\n\t\t\t\t<\/div>\n\t\t<div class=\"elementor-element elementor-element-e71ed3e e-con-full e-flex e-con e-child\" data-id=\"e71ed3e\" data-element_type=\"container\">\n\t\t\t\t<div class=\"elementor-element elementor-element-1321398 elementor-widget elementor-widget-text-editor\" data-id=\"1321398\" data-element_type=\"widget\" data-widget_type=\"text-editor.default\">\n\t\t\t\t<div class=\"elementor-widget-container\">\n\t\t\t\t\t\t\t<p>Sprzeda\u017c i zarz\u0105danie niruchomo\u015bciami<\/p><p>Firma ZAK oferuje sprzeda\u017c &#8211; wynajem nieruchomo\u015bci oraz us\u0142ugi z zakresu<\/p><p>zarz\u0105dzania i administrowania nieruchomo\u015bciami. Nasza firma dysponuje du\u017cym<\/p><p>zapleczem us\u0142ugodawc\u00f3w.<\/p>\t\t\t\t\t\t<\/div>\n\t\t\t\t<\/div>\n\t\t\t\t<\/div>\n\t\t\t\t\t<\/div>\n\t\t\t\t<\/div>\n\t\t\t\t<\/div>\n\t\t","protected":false},"excerpt":{"rendered":"<p>ZAK Nieruchomo\u015bci NIERUCHOMO\u015aCI Sprzeda\u017c i zarz\u0105danie niruchomo\u015bciami Firma ZAK oferuje sprzeda\u017c &#8211; wynajem nieruchomo\u015bci oraz us\u0142ugi z zakresu zarz\u0105dzania i administrowania nieruchomo\u015bciami. Nasza firma dysponuje du\u017cym zapleczem us\u0142ugodawc\u00f3w.<\/p>\n","protected":false},"author":1,"featured_media":0,"parent":0,"menu_order":0,"comment_status":"closed","ping_status":"closed","template":"elementor_header_footer","meta":{"footnotes":""},"class_list":["post-477","page","type-page","status-publish","hentry"],"_links":{"self":[{"href":"https:\/\/zak-mikolow.pl\/index.php?rest_route=\/wp\/v2\/pages\/477","targetHints":{"allow":["GET"]}}],"collection":[{"href":"https:\/\/zak-mikolow.pl\/index.php?rest_route=\/wp\/v2\/pages"}],"about":[{"href":"https:\/\/zak-mikolow.pl\/index.php?rest_route=\/wp\/v2\/types\/page"}],"author":[{"embeddable":true,"href":"https:\/\/zak-mikolow.pl\/index.php?rest_route=\/wp\/v2\/users\/1"}],"replies":[{"embeddable":true,"href":"https:\/\/zak-mikolow.pl\/index.php?rest_route=%2Fwp%2Fv2%2Fcomments&post=477"}],"version-history":[{"count":16,"href":"https:\/\/zak-mikolow.pl\/index.php?rest_route=\/wp\/v2\/pages\/477\/revisions"}],"predecessor-version":[{"id":510,"href":"https:\/\/zak-mikolow.pl\/index.php?rest_route=\/wp\/v2\/pages\/477\/revisions\/510"}],"wp:attachment":[{"href":"https:\/\/zak-mikolow.pl\/index.php?rest_route=%2Fwp%2Fv2%2Fmedia&parent=477"}],"curies":[{"name":"wp","href":"https:\/\/api.w.org\/{rel}","templated":true}]}}